{"id":988,"date":"2024-08-26T17:01:52","date_gmt":"2024-08-26T17:01:52","guid":{"rendered":"https:\/\/hero-ce.local\/?page_id=988"},"modified":"2025-05-05T13:55:36","modified_gmt":"2025-05-05T13:55:36","slug":"join-the-study","status":"publish","type":"page","link":"https:\/\/herostudy.developingchild.harvard.edu\/es\/join-the-study\/","title":{"rendered":"\u00danase al estudio"},"content":{"rendered":"<div class=\"wp-block-group alignfull has-global-padding is-layout-constrained wp-container-core-group-is-layout-1 wp-block-group-is-layout-constrained\">\n<figure class=\"wp-block-image alignfull size-large block-visibility-hide-small-screen\"><img loading=\"lazy\" decoding=\"async\" width=\"1440\" height=\"630\" src=\"https:\/\/live-hero-staging.pantheonsite.io\/wp-content\/uploads\/2024\/08\/hero-2.svg\" alt=\"Join the hero study\" class=\"wp-image-1046\"\/><\/figure>\n\n\n\n<figure class=\"wp-block-image alignfull size-large block-visibility-hide-large-screen block-visibility-hide-medium-screen\"><img loading=\"lazy\" decoding=\"async\" width=\"1024\" height=\"651\" src=\"https:\/\/live-hero-staging.pantheonsite.io\/wp-content\/uploads\/2024\/09\/join-mobile-1024x651.png\" alt=\"Join the Study\" class=\"wp-image-1100\" srcset=\"https:\/\/herostudy.developingchild.harvard.edu\/wp-content\/uploads\/2024\/09\/join-mobile-1024x651.png 1024w, https:\/\/herostudy.developingchild.harvard.edu\/wp-content\/uploads\/2024\/09\/join-mobile-300x191.png 300w, https:\/\/herostudy.developingchild.harvard.edu\/wp-content\/uploads\/2024\/09\/join-mobile-768x489.png 768w, https:\/\/herostudy.developingchild.harvard.edu\/wp-content\/uploads\/2024\/09\/join-mobile.png 1440w\" sizes=\"auto, (max-width: 1024px) 100vw, 1024px\" \/><\/figure>\n<\/div>\n\n\n\n<div class=\"wp-block-group alignfull has-background-background-color has-background has-global-padding is-layout-constrained wp-container-core-group-is-layout-6 wp-block-group-is-layout-constrained\">\n<div class=\"wp-block-group has-global-padding is-layout-constrained wp-container-core-group-is-layout-4 wp-block-group-is-layout-constrained\" style=\"padding-right:0;padding-left:0\">\n<div class=\"wp-block-group has-global-padding is-layout-constrained wp-container-core-group-is-layout-2 wp-block-group-is-layout-constrained\">\n<h2 class=\"wp-block-heading has-text-align-center has-primary-font-font-family has-font-size-8-fluid-font-size\">Gracias por su inter\u00e9s en el Estudio HERO.<\/h2>\n<\/div>\n\n\n\n<div class=\"wp-block-group has-global-padding is-layout-constrained wp-container-core-group-is-layout-3 wp-block-group-is-layout-constrained\">\n<p class=\"has-text-align-center has-secondary-font-font-family has-font-size-5-fluid-font-size\"><strong>LA INSCRIPCI\u00d3N EST\u00c1 ACTUALMENTE EN PAUSA<\/strong><br>El primer paso para participar en el estudio es rellenar una breve encuesta para asegurarse de que usted y su(s) hijo(s) cumplen los requisitos.<\/p>\n<\/div>\n<\/div>\n\n\n\n<div class=\"wp-block-buttons is-layout-flex wp-block-buttons-is-layout-flex\">\n<div class=\"wp-block-button has-custom-width wp-block-button__width-100 is-style-default\"><a class=\"wp-block-button__link has-text-align-left wp-element-button\" href=\"https:\/\/www.meaney.lab.mcgill.ca\/redcap\/surveys\/?s=J7WXYDWTEM7HCM9K\" target=\"_blank\" rel=\"noreferrer noopener\">Realice hoy mismo la encuesta de admisibilidad (en ingl\u00e9s)<svg width=\"80\" height=\"80\" viewbox=\"0 0 80 80\" fill=\"none\" xmlns=\"http:\/\/www.w3.org\/2000\/svg\"><circle cx=\"40\" cy=\"40\" r=\"40\" fill=\"#6C4384\"\/><path d=\"M29 40H49\" stroke=\"white\" stroke-width=\"3\" stroke-linecap=\"square\"\/><path d=\"M42 50L52 40L42 30\" stroke=\"white\" stroke-width=\"3\"\/><\/svg><\/a><\/div>\n\n\n\n<div class=\"wp-block-button has-custom-width wp-block-button__width-100 is-style-default\"><a class=\"wp-block-button__link has-text-align-left wp-element-button\" href=\"https:\/\/www.meaney.lab.mcgill.ca\/redcap\/surveys\/?s=YLHLATPYMDXWCXXT\" target=\"_blank\" rel=\"noreferrer noopener\">Realice hoy mismo la encuesta de admisibilidad<svg width=\"80\" height=\"80\" viewbox=\"0 0 80 80\" fill=\"none\" xmlns=\"http:\/\/www.w3.org\/2000\/svg\"><circle cx=\"40\" cy=\"40\" r=\"40\" fill=\"#6C4384\"\/><path d=\"M29 40H49\" stroke=\"white\" stroke-width=\"3\" stroke-linecap=\"square\"\/><path d=\"M42 50L52 40L42 30\" stroke=\"white\" stroke-width=\"3\"\/><\/svg><\/a><\/div>\n<\/div>\n\n\n\n<div class=\"wp-block-group has-global-padding is-layout-constrained wp-container-core-group-is-layout-5 wp-block-group-is-layout-constrained\">\n<p class=\"has-text-align-center has-secondary-font-font-family has-font-size-4-fluid-font-size\">Si desea hablar con un miembro del equipo del Estudio HERO para obtener m\u00e1s informaci\u00f3n, p\u00f3ngase en contacto con nosotros en <a href=\"mailto:hero.prj@gmail.com\">hero.prj@gmail.com<\/a>.<\/p>\n<\/div>\n<\/div>","protected":false},"excerpt":{"rendered":"<p>Gracias por su inter\u00e9s en el estudio HERO. El primer paso para participar en el estudio es completar una breve encuesta para asegurarse de que usted y su(s) hijo(s) re\u00fanen los requisitos. Si desea hablar con un miembro del equipo del estudio HERO para obtener m\u00e1s informaci\u00f3n, p\u00f3ngase en contacto con nosotros en hero.prj@gmail.com.<\/p>","protected":false},"author":1,"featured_media":0,"parent":0,"menu_order":0,"comment_status":"closed","ping_status":"closed","template":"","meta":{"_acf_changed":false,"footnotes":""},"class_list":{"2":"type-page"},"acf":[],"yoast_head":"<!-- This site is optimized with the Yoast SEO plugin v23.6 - https:\/\/yoast.com\/wordpress\/plugins\/seo\/ -->\n<title>Join the Study - Hero Study<\/title>\n<meta name=\"robots\" content=\"noindex, follow, max-snippet:-1, max-image-preview:large, max-video-preview:-1\" \/>\n<meta property=\"og:locale\" content=\"es_MX\" \/>\n<meta property=\"og:type\" content=\"article\" \/>\n<meta property=\"og:title\" content=\"Join the Study - Hero Study\" \/>\n<meta property=\"og:description\" content=\"Thank you for your interest in the HERO Study! ENROLLMENT IS CURRENTLY PAUSEDThe first step to participating in the study is to complete a brief survey to make sure you and your child(ren) are eligible. If you would like to speak to a HERO Study team member for more information, please contact us at hero.prj@gmail.com.\" \/>\n<meta property=\"og:url\" content=\"https:\/\/herostudy.developingchild.harvard.edu\/es\/join-the-study\/\" \/>\n<meta property=\"og:site_name\" content=\"Hero Study\" \/>\n<meta property=\"article:modified_time\" content=\"2025-05-05T13:55:36+00:00\" \/>\n<meta name=\"twitter:card\" content=\"summary_large_image\" \/>\n<script type=\"application\/ld+json\" class=\"yoast-schema-graph\">{\"@context\":\"https:\/\/schema.org\",\"@graph\":[{\"@type\":\"WebPage\",\"@id\":\"https:\/\/herostudy.developingchild.harvard.edu\/join-the-study\/\",\"url\":\"https:\/\/herostudy.developingchild.harvard.edu\/join-the-study\/\",\"name\":\"Join the Study - Hero Study\",\"isPartOf\":{\"@id\":\"https:\/\/live-hero-staging.pantheonsite.io\/#website\"},\"primaryImageOfPage\":{\"@id\":\"https:\/\/herostudy.developingchild.harvard.edu\/join-the-study\/#primaryimage\"},\"image\":{\"@id\":\"https:\/\/herostudy.developingchild.harvard.edu\/join-the-study\/#primaryimage\"},\"thumbnailUrl\":\"https:\/\/live-hero-staging.pantheonsite.io\/wp-content\/uploads\/2024\/08\/hero-2.svg\",\"datePublished\":\"2024-08-26T17:01:52+00:00\",\"dateModified\":\"2025-05-05T13:55:36+00:00\",\"breadcrumb\":{\"@id\":\"https:\/\/herostudy.developingchild.harvard.edu\/join-the-study\/#breadcrumb\"},\"inLanguage\":\"es\",\"potentialAction\":[{\"@type\":\"ReadAction\",\"target\":[\"https:\/\/herostudy.developingchild.harvard.edu\/join-the-study\/\"]}]},{\"@type\":\"ImageObject\",\"inLanguage\":\"es\",\"@id\":\"https:\/\/herostudy.developingchild.harvard.edu\/join-the-study\/#primaryimage\",\"url\":\"https:\/\/live-hero-staging.pantheonsite.io\/wp-content\/uploads\/2024\/08\/hero-2.svg\",\"contentUrl\":\"https:\/\/live-hero-staging.pantheonsite.io\/wp-content\/uploads\/2024\/08\/hero-2.svg\"},{\"@type\":\"BreadcrumbList\",\"@id\":\"https:\/\/herostudy.developingchild.harvard.edu\/join-the-study\/#breadcrumb\",\"itemListElement\":[{\"@type\":\"ListItem\",\"position\":1,\"name\":\"Home\",\"item\":\"https:\/\/herostudy.developingchild.harvard.edu\/\"},{\"@type\":\"ListItem\",\"position\":2,\"name\":\"Join the Study\"}]},{\"@type\":\"WebSite\",\"@id\":\"https:\/\/live-hero-staging.pantheonsite.io\/#website\",\"url\":\"https:\/\/live-hero-staging.pantheonsite.io\/\",\"name\":\"Hero Study\",\"description\":\"Health&#039;s Early Roots &amp; Origins\",\"potentialAction\":[{\"@type\":\"SearchAction\",\"target\":{\"@type\":\"EntryPoint\",\"urlTemplate\":\"https:\/\/live-hero-staging.pantheonsite.io\/?s={search_term_string}\"},\"query-input\":{\"@type\":\"PropertyValueSpecification\",\"valueRequired\":true,\"valueName\":\"search_term_string\"}}],\"inLanguage\":\"es\"}]}<\/script>\n<!-- \/ Yoast SEO plugin. -->","yoast_head_json":{"title":"Join the Study - Hero Study","robots":{"index":"noindex","follow":"follow","max-snippet":"max-snippet:-1","max-image-preview":"max-image-preview:large","max-video-preview":"max-video-preview:-1"},"og_locale":"es_MX","og_type":"article","og_title":"Join the Study - Hero Study","og_description":"Thank you for your interest in the HERO Study! ENROLLMENT IS CURRENTLY PAUSEDThe first step to participating in the study is to complete a brief survey to make sure you and your child(ren) are eligible. If you would like to speak to a HERO Study team member for more information, please contact us at hero.prj@gmail.com.","og_url":"https:\/\/herostudy.developingchild.harvard.edu\/es\/join-the-study\/","og_site_name":"Hero Study","article_modified_time":"2025-05-05T13:55:36+00:00","twitter_card":"summary_large_image","schema":{"@context":"https:\/\/schema.org","@graph":[{"@type":"WebPage","@id":"https:\/\/herostudy.developingchild.harvard.edu\/join-the-study\/","url":"https:\/\/herostudy.developingchild.harvard.edu\/join-the-study\/","name":"Join the Study - Hero Study","isPartOf":{"@id":"https:\/\/live-hero-staging.pantheonsite.io\/#website"},"primaryImageOfPage":{"@id":"https:\/\/herostudy.developingchild.harvard.edu\/join-the-study\/#primaryimage"},"image":{"@id":"https:\/\/herostudy.developingchild.harvard.edu\/join-the-study\/#primaryimage"},"thumbnailUrl":"https:\/\/live-hero-staging.pantheonsite.io\/wp-content\/uploads\/2024\/08\/hero-2.svg","datePublished":"2024-08-26T17:01:52+00:00","dateModified":"2025-05-05T13:55:36+00:00","breadcrumb":{"@id":"https:\/\/herostudy.developingchild.harvard.edu\/join-the-study\/#breadcrumb"},"inLanguage":"es","potentialAction":[{"@type":"ReadAction","target":["https:\/\/herostudy.developingchild.harvard.edu\/join-the-study\/"]}]},{"@type":"ImageObject","inLanguage":"es","@id":"https:\/\/herostudy.developingchild.harvard.edu\/join-the-study\/#primaryimage","url":"https:\/\/live-hero-staging.pantheonsite.io\/wp-content\/uploads\/2024\/08\/hero-2.svg","contentUrl":"https:\/\/live-hero-staging.pantheonsite.io\/wp-content\/uploads\/2024\/08\/hero-2.svg"},{"@type":"BreadcrumbList","@id":"https:\/\/herostudy.developingchild.harvard.edu\/join-the-study\/#breadcrumb","itemListElement":[{"@type":"ListItem","position":1,"name":"Home","item":"https:\/\/herostudy.developingchild.harvard.edu\/"},{"@type":"ListItem","position":2,"name":"Join the Study"}]},{"@type":"WebSite","@id":"https:\/\/live-hero-staging.pantheonsite.io\/#website","url":"https:\/\/live-hero-staging.pantheonsite.io\/","name":"Hero Study","description":"Health&#039;s Early Roots &amp; Origins","potentialAction":[{"@type":"SearchAction","target":{"@type":"EntryPoint","urlTemplate":"https:\/\/live-hero-staging.pantheonsite.io\/?s={search_term_string}"},"query-input":{"@type":"PropertyValueSpecification","valueRequired":true,"valueName":"search_term_string"}}],"inLanguage":"es"}]}},"_links":{"self":[{"href":"https:\/\/herostudy.developingchild.harvard.edu\/es\/wp-json\/wp\/v2\/pages\/988","targetHints":{"allow":["GET"]}}],"collection":[{"href":"https:\/\/herostudy.developingchild.harvard.edu\/es\/wp-json\/wp\/v2\/pages"}],"about":[{"href":"https:\/\/herostudy.developingchild.harvard.edu\/es\/wp-json\/wp\/v2\/types\/page"}],"author":[{"embeddable":true,"href":"https:\/\/herostudy.developingchild.harvard.edu\/es\/wp-json\/wp\/v2\/users\/1"}],"replies":[{"embeddable":true,"href":"https:\/\/herostudy.developingchild.harvard.edu\/es\/wp-json\/wp\/v2\/comments?post=988"}],"version-history":[{"count":9,"href":"https:\/\/herostudy.developingchild.harvard.edu\/es\/wp-json\/wp\/v2\/pages\/988\/revisions"}],"predecessor-version":[{"id":1215,"href":"https:\/\/herostudy.developingchild.harvard.edu\/es\/wp-json\/wp\/v2\/pages\/988\/revisions\/1215"}],"wp:attachment":[{"href":"https:\/\/herostudy.developingchild.harvard.edu\/es\/wp-json\/wp\/v2\/media?parent=988"}],"curies":[{"name":"wp","href":"https:\/\/api.w.org\/{rel}","templated":true}]}}